{"id":6443,"date":"2023-10-16T21:44:59","date_gmt":"2023-10-16T21:44:59","guid":{"rendered":"https:\/\/solz-immobilien.de\/?page_id=6443"},"modified":"2023-10-26T13:13:18","modified_gmt":"2023-10-26T13:13:18","slug":"impressum","status":"publish","type":"page","link":"https:\/\/solz-immobilien.de\/index.php\/impressum\/","title":{"rendered":"Impressum"},"content":{"rendered":"\t\t<div data-elementor-type=\"wp-page\" data-elementor-id=\"6443\" class=\"elementor elementor-6443\">\n\t\t\t\t<div class=\"elementor-element elementor-element-4bd7b5a e-con-full e-flex e-con e-parent\" data-id=\"4bd7b5a\" data-element_type=\"container\" data-e-type=\"container\" data-settings=\"{&quot;background_background&quot;:&quot;classic&quot;}\">\n\t\t\t\t<div class=\"elementor-element elementor-element-7744d8b elementor-widget elementor-widget-heading\" data-id=\"7744d8b\" data-element_type=\"widget\" data-e-type=\"widget\" data-widget_type=\"heading.default\">\n\t\t\t\t<div class=\"elementor-widget-container\">\n\t\t\t\t\t<h2 class=\"elementor-heading-title elementor-size-default\">Impressum<\/h2>\t\t\t\t<\/div>\n\t\t\t\t<\/div>\n\t\t\t\t<\/div>\n\t\t<div class=\"elementor-element elementor-element-1651bea e-flex e-con-boxed e-con e-parent\" data-id=\"1651bea\" data-element_type=\"container\" data-e-type=\"container\">\n\t\t\t\t\t<div class=\"e-con-inner\">\n\t\t\t\t<div class=\"elementor-element elementor-element-1b48339 elementor-widget elementor-widget-spacer\" data-id=\"1b48339\" data-element_type=\"widget\" data-e-type=\"widget\" data-widget_type=\"spacer.default\">\n\t\t\t\t<div class=\"elementor-widget-container\">\n\t\t\t\t\t\t\t<div class=\"elementor-spacer\">\n\t\t\t<div class=\"elementor-spacer-inner\"><\/div>\n\t\t<\/div>\n\t\t\t\t\t\t<\/div>\n\t\t\t\t<\/div>\n\t\t\t\t<div class=\"elementor-element elementor-element-02df782 elementor-widget elementor-widget-text-editor\" data-id=\"02df782\" data-element_type=\"widget\" data-e-type=\"widget\" data-widget_type=\"text-editor.default\">\n\t\t\t\t<div class=\"elementor-widget-container\">\n\t\t\t\t\t\t\t\t\t<p style=\"margin: 0px; padding: 0px; color: #555555; font-family: 'Open Sans', sans-serif; font-size: 13px; text-align: center;\"><b>KONTAKTDETAILS<\/b><\/p>\n<div style=\"margin: 0px; padding: 0px; text-align: center;\"><em><strong><span style=\"color: #555555; font-family: Open Sans, sans-serif;\"><span style=\"font-size: 13px;\">Angaben gem\u00e4\u00df \u00a7 5 TM&nbsp;<\/span><\/span><\/strong><\/em><\/div>\n<div style=\"margin: 0px; padding: 0px; text-align: center;\"><span style=\"color: #555555; font-family: Open Sans, sans-serif;\"><span style=\"font-size: 13px;\">Gerald Solz Immobilien<\/span><\/span><\/div>\n<div style=\"margin: 0px; padding: 0px; text-align: center;\"><span style=\"color: #555555; font-family: Open Sans, sans-serif;\"><span style=\"font-size: 13px;\">Hundertmorgenring 26&nbsp;<\/span><\/span><\/div>\n<div style=\"margin: 0px; padding: 0px; text-align: center;\"><span style=\"color: #555555; font-family: Open Sans, sans-serif;\"><span style=\"font-size: 13px;\">D-64546 M\u00f6rfelden-Walldorf&nbsp;<\/span><\/span><\/div>\n<div style=\"margin: 0px; padding: 0px; text-align: center;\"><span style=\"color: #555555; font-family: Open Sans, sans-serif;\"><span style=\"font-size: 13px;\">Telefon: 06105 \/ 270 882 <\/span><\/span><\/div>\n<div style=\"margin: 0px; padding: 0px; text-align: center;\"><span style=\"color: #555555; font-family: Open Sans, sans-serif;\"><span style=\"font-size: 13px;\">E-Mail: solz@solz-immobilien.de<\/span><\/span><br><span style=\"color: #555555; font-family: Open Sans, sans-serif;\"><span style=\"font-size: 13px;\"><br><\/span><\/span><\/div>\n<div style=\"margin: 0px; padding: 0px; text-align: center;\"><span style=\"color: #555555; font-family: Open Sans, sans-serif;\"><span style=\"font-size: 13px;\">Aufsichtsbeh\u00f6rde Kreisverwaltung Gro\u00df-Gerau <\/span><\/span><\/div>\n<div style=\"margin: 0px; padding: 0px; text-align: center;\"><span style=\"color: #555555; font-family: Open Sans, sans-serif;\"><span style=\"font-size: 13px;\">Wilhelm-Seipp-Stra\u00dfe 4 <\/span><\/span><\/div>\n<div style=\"margin: 0px; padding: 0px; text-align: center;\"><span style=\"color: #555555; font-family: Open Sans, sans-serif;\"><span style=\"font-size: 13px;\">D-64521 Gro\u00df-Gerau <\/span><\/span><\/div><div style=\"margin: 0px; padding: 0px; text-align: center;\"><span style=\"color: #555555; font-family: Open Sans, sans-serif;\"><span style=\"font-size: 13px;\"><br><\/span><\/span><\/div>\n<div style=\"margin: 0px; padding: 0px; text-align: center;\"><span style=\"color: #555555; font-family: Open Sans, sans-serif;\"><span style=\"font-size: 13px;\"><b><i>Erlaubnis nach \u00a7 34c der Gewerbeordnung (GewO) erteilt durch die Kreisverwaltung Gro\u00df-Gerau.<\/i><\/b><\/span><\/span><br><span style=\"color: #555555; font-family: Open Sans, sans-serif;\"><span style=\"font-size: 13px;\"><br><\/span><\/span><\/div>\n<div style=\"margin: 0px; padding: 0px; text-align: center;\">\n<p style=\"color: #555555; font-family: 'Open Sans', sans-serif; font-size: 13px;\"><b>HAFTUNGSAUSCHLUSS<\/b><br>Gerald Solz Immobilien \u00fcbernimmt keinerlei Gew\u00e4hr hinsichtlich der inhaltlichen Richtigkeit, Genauigkeit, Aktualit\u00e4t, Zuverl\u00e4ssigkeit und Vollst\u00e4ndigkeit der Informationen. Haftungsanspr\u00fcche gegen den Autor wegen Sch\u00e4den materieller oder immaterieller Art, welche aus dem Zugriff oder der Nutzung bzw. Nichtnutzung der ver\u00f6ffentlichten Informationen, durch Missbrauch der Verbindung oder durch technische St\u00f6rungen entstanden sind, werden ausgeschlossen. Alle Angebote sind unverbindlich. Solz Immobilien beh\u00e4lt es sich ausdr\u00fccklich vor, Teile der Seiten oder das gesamte Angebot ohne besondere Ank\u00fcndigung zu ver\u00e4ndern, zu erg\u00e4nzen, zu l\u00f6schen oder die Ver\u00f6ffentlichung zeitweise oder endg\u00fcltig einzustellen.<\/p>\n<div style=\"margin: 0px; padding: 0px; text-align: center;\">\n<p style=\"color: #555555; font-family: 'Open Sans', sans-serif; font-size: 13px;\"><b>HAFTUNGSAUSSCHLUSS F\u00dcR LINKS<\/b><br>Verweise und Links auf Webseiten Dritter liegen ausserhalb des Verantwortungsbereichs von Solz Immobilien. Es wird jegliche Verantwortung f\u00fcr solche Webseiten abgelehnt. Der Zugriff und die Nutzung solcher Webseiten erfolgen auf eigene Gefahr des jeweiligen Nutzers.<\/p>\n<\/div>\n<div style=\"margin: 0px; padding: 0px; text-align: center;\">\n<p style=\"color: #555555; font-family: 'Open Sans', sans-serif; font-size: 13px;\"><b>URHEBERRECHTE<\/b><br>Die Urheber- und alle anderen Rechte an Inhalten, Bildern, Fotos oder anderen Dateien auf der Website geh\u00f6ren ausschliesslich Solz Immobilien oder den speziell genannten Rechtsinhabern. F\u00fcr die Reproduktion jeglicher Elemente ist die schriftliche Zustimmung der Urheberrechtstr\u00e4ger im Voraus einzuholen.<\/p>\n<\/div>\n<div style=\"margin: 0px; padding: 0px; text-align: center;\">\n<p style=\"color: #555555; font-family: 'Open Sans', sans-serif; font-size: 13px;\"><b>DESIGN, KONZEPTION UND REALISATION&nbsp;<\/b><br>annemanke.com Luzernerstrasse 123<br>6403 K\u00fcssnacht am Rigi<br>+49 (0) 79 555 07 33<br>hello@annemanke.com<\/p>\n<p style=\"color: #555555; font-family: 'Open Sans', sans-serif; font-size: 13px;\"><i>Stand: Oktober 2023<\/i><\/p>\n<\/div>\n<\/div>\t\t\t\t\t\t\t\t<\/div>\n\t\t\t\t<\/div>\n\t\t\t\t<div class=\"elementor-element elementor-element-d1ee730 elementor-widget elementor-widget-spacer\" data-id=\"d1ee730\" data-element_type=\"widget\" data-e-type=\"widget\" data-widget_type=\"spacer.default\">\n\t\t\t\t<div class=\"elementor-widget-container\">\n\t\t\t\t\t\t\t<div class=\"elementor-spacer\">\n\t\t\t<div class=\"elementor-spacer-inner\"><\/div>\n\t\t<\/div>\n\t\t\t\t\t\t<\/div>\n\t\t\t\t<\/div>\n\t\t\t\t<div class=\"elementor-element elementor-element-92825e3 elementor-widget-divider--view-line elementor-widget elementor-widget-divider\" data-id=\"92825e3\" data-element_type=\"widget\" data-e-type=\"widget\" data-widget_type=\"divider.default\">\n\t\t\t\t<div class=\"elementor-widget-container\">\n\t\t\t\t\t\t\t<div class=\"elementor-divider\">\n\t\t\t<span class=\"elementor-divider-separator\">\n\t\t\t\t\t\t<\/span>\n\t\t<\/div>\n\t\t\t\t\t\t<\/div>\n\t\t\t\t<\/div>\n\t\t\t\t\t<\/div>\n\t\t\t\t<\/div>\n\t\t\t\t<\/div>\n\t\t","protected":false},"excerpt":{"rendered":"<p>Impressum KONTAKTDETAILS Angaben gem\u00e4\u00df \u00a7 5 TM&nbsp; Gerald Solz Immobilien Hundertmorgenring 26&nbsp; D-64546 M\u00f6rfelden-Walldorf&nbsp; Telefon: 06105 \/ 270 882 E-Mail: solz@solz-immobilien.de Aufsichtsbeh\u00f6rde Kreisverwaltung Gro\u00df-Gerau Wilhelm-Seipp-Stra\u00dfe 4 D-64521 Gro\u00df-Gerau Erlaubnis nach \u00a7 34c der Gewerbeordnung (GewO) erteilt durch die Kreisverwaltung Gro\u00df-Gerau. HAFTUNGSAUSCHLUSSGerald Solz Immobilien \u00fcbernimmt keinerlei Gew\u00e4hr hinsichtlich der inhaltlichen Richtigkeit, Genauigkeit, Aktualit\u00e4t, Zuverl\u00e4ssigkeit und Vollst\u00e4ndigkeit [&hellip;]<\/p>\n","protected":false},"author":1,"featured_media":0,"parent":0,"menu_order":0,"comment_status":"closed","ping_status":"closed","template":"elementor_header_footer","meta":{"footnotes":""},"class_list":["post-6443","page","type-page","status-publish","hentry"],"_links":{"self":[{"href":"https:\/\/solz-immobilien.de\/index.php\/wp-json\/wp\/v2\/pages\/6443","targetHints":{"allow":["GET"]}}],"collection":[{"href":"https:\/\/solz-immobilien.de\/index.php\/wp-json\/wp\/v2\/pages"}],"about":[{"href":"https:\/\/solz-immobilien.de\/index.php\/wp-json\/wp\/v2\/types\/page"}],"author":[{"embeddable":true,"href":"https:\/\/solz-immobilien.de\/index.php\/wp-json\/wp\/v2\/users\/1"}],"replies":[{"embeddable":true,"href":"https:\/\/solz-immobilien.de\/index.php\/wp-json\/wp\/v2\/comments?post=6443"}],"version-history":[{"count":24,"href":"https:\/\/solz-immobilien.de\/index.php\/wp-json\/wp\/v2\/pages\/6443\/revisions"}],"predecessor-version":[{"id":6563,"href":"https:\/\/solz-immobilien.de\/index.php\/wp-json\/wp\/v2\/pages\/6443\/revisions\/6563"}],"wp:attachment":[{"href":"https:\/\/solz-immobilien.de\/index.php\/wp-json\/wp\/v2\/media?parent=6443"}],"curies":[{"name":"wp","href":"https:\/\/api.w.org\/{rel}","templated":true}]}}